{"id":50041,"date":"2021-03-10T12:16:50","date_gmt":"2021-03-10T11:16:50","guid":{"rendered":"https:\/\/funerariadelmigjorn.com\/feretros\/"},"modified":"2021-04-17T18:37:26","modified_gmt":"2021-04-17T16:37:26","slug":"feretros","status":"publish","type":"page","link":"https:\/\/funerariadelmigjorn.com\/es\/feretros\/","title":{"rendered":"F\u00e9retros"},"content":{"rendered":"<p>[et_pb_section fb_built=\u00bb1&#8243; _builder_version=\u00bb4.6.6&#8243; _module_preset=\u00bbdefault\u00bb background_image=\u00bbhttps:\/\/funerariadelmigjorn.com\/wp-content\/uploads\/2020\/11\/lukasz-szmigiel-jFCViYFYcus-unsplash.jpg\u00bb parallax=\u00bbon\u00bb custom_padding=\u00bb95px||95px|||\u00bb][et_pb_row _builder_version=\u00bb4.6.6&#8243; _module_preset=\u00bbdefault\u00bb background_color=\u00bb#ffffff\u00bb width=\u00bb400px\u00bb custom_padding=\u00bb40px|||||\u00bb][et_pb_column type=\u00bb4_4&#8243; _builder_version=\u00bb4.6.6&#8243; _module_preset=\u00bbdefault\u00bb][et_pb_text _builder_version=\u00bb4.6.6&#8243; _module_preset=\u00bbdefault\u00bb header_2_font=\u00bb|700|||||||\u00bb header_2_text_align=\u00bbcenter\u00bb header_2_text_color=\u00bb#000000&#8243; header_3_text_align=\u00bbcenter\u00bb]<\/p>\n<h2>Funer\u00e0ria del Migjorn<\/h2>\n<h3>F\u00e9retros<\/h3>\n<p>[\/et_pb_text][\/et_pb_column][\/et_pb_row][\/et_pb_section][et_pb_section fb_built=\u00bb1&#8243; _builder_version=\u00bb4.6.6&#8243; _module_preset=\u00bbdefault\u00bb custom_padding=\u00bb20px|||||\u00bb saved_tabs=\u00bball\u00bb][et_pb_row column_structure=\u00bb1_3,1_3,1_3&#8243; _builder_version=\u00bb4.6.6&#8243; _module_preset=\u00bbdefault\u00bb][et_pb_column type=\u00bb1_3&#8243; _builder_version=\u00bb4.6.6&#8243; _module_preset=\u00bbdefault\u00bb][et_pb_image src=\u00bbhttps:\/\/funerariadelmigjorn.com\/wp-content\/uploads\/2021\/04\/alfa.jpg.300x200_q85_crop.jpg\u00bb title_text=\u00bbalfa.jpg.300x200_q85_crop\u00bb show_in_lightbox=\u00bbon\u00bb _builder_version=\u00bb4.9.1&#8243; _module_preset=\u00bbdefault\u00bb][\/et_pb_image][et_pb_text _builder_version=\u00bb4.9.1&#8243; _module_preset=\u00bbdefault\u00bb text_font=\u00bb||||||||\u00bb text_orientation=\u00bbcenter\u00bb]<\/p>\n<h4>Alfa<\/h4>\n<p>[\/et_pb_text][\/et_pb_column][et_pb_column type=\u00bb1_3&#8243; _builder_version=\u00bb4.6.6&#8243; _module_preset=\u00bbdefault\u00bb][et_pb_image src=\u00bbhttps:\/\/funerariadelmigjorn.com\/wp-content\/uploads\/2021\/04\/gamma.jpg.300x200_q85_crop.jpg\u00bb title_text=\u00bbgamma.jpg.300x200_q85_crop\u00bb show_in_lightbox=\u00bbon\u00bb _builder_version=\u00bb4.9.1&#8243; _module_preset=\u00bbdefault\u00bb][\/et_pb_image][et_pb_text _builder_version=\u00bb4.9.1&#8243; _module_preset=\u00bbdefault\u00bb text_font=\u00bb||||||||\u00bb text_orientation=\u00bbcenter\u00bb]<\/p>\n<h4>Gamma<\/h4>\n<p>[\/et_pb_text][\/et_pb_column][et_pb_column type=\u00bb1_3&#8243; _builder_version=\u00bb4.6.6&#8243; _module_preset=\u00bbdefault\u00bb][et_pb_image src=\u00bbhttps:\/\/funerariadelmigjorn.com\/wp-content\/uploads\/2021\/04\/delta.jpg.300x200_q85_crop.jpg\u00bb title_text=\u00bbdelta.jpg.300x200_q85_crop\u00bb show_in_lightbox=\u00bbon\u00bb _builder_version=\u00bb4.9.1&#8243; _module_preset=\u00bbdefault\u00bb][\/et_pb_image][et_pb_text _builder_version=\u00bb4.9.1&#8243; _module_preset=\u00bbdefault\u00bb text_font=\u00bb||||||||\u00bb text_orientation=\u00bbcenter\u00bb]<\/p>\n<h4>Delta<\/h4>\n<p>[\/et_pb_text][\/et_pb_column][\/et_pb_row][et_pb_row column_structure=\u00bb1_3,1_3,1_3&#8243; _builder_version=\u00bb4.6.6&#8243; _module_preset=\u00bbdefault\u00bb][et_pb_column type=\u00bb1_3&#8243; _builder_version=\u00bb4.6.6&#8243; _module_preset=\u00bbdefault\u00bb][et_pb_image src=\u00bbhttps:\/\/funerariadelmigjorn.com\/wp-content\/uploads\/2021\/04\/gamma-incineracio.jpg.300x200_q85_crop-1.jpg\u00bb title_text=\u00bbgamma-incineracio.jpg.300x200_q85_crop (1)\u00bb show_in_lightbox=\u00bbon\u00bb _builder_version=\u00bb4.9.1&#8243; _module_preset=\u00bbdefault\u00bb][\/et_pb_image][et_pb_text _builder_version=\u00bb4.9.1&#8243; _module_preset=\u00bbdefault\u00bb text_font=\u00bb||||||||\u00bb text_orientation=\u00bbcenter\u00bb]<\/p>\n<h4>Inncineraci\u00f3<\/h4>\n<p>[\/et_pb_text][\/et_pb_column][et_pb_column type=\u00bb1_3&#8243; _builder_version=\u00bb4.6.6&#8243; _module_preset=\u00bbdefault\u00bb][et_pb_image src=\u00bbhttps:\/\/funerariadelmigjorn.com\/wp-content\/uploads\/2021\/04\/omega.jpg.300x200_q85_crop.jpg\u00bb title_text=\u00bbomega.jpg.300x200_q85_crop\u00bb show_in_lightbox=\u00bbon\u00bb _builder_version=\u00bb4.9.1&#8243; _module_preset=\u00bbdefault\u00bb][\/et_pb_image][et_pb_text _builder_version=\u00bb4.9.1&#8243; _module_preset=\u00bbdefault\u00bb text_font=\u00bb||||||||\u00bb text_orientation=\u00bbcenter\u00bb]<\/p>\n<h4>Omega<\/h4>\n<p>[\/et_pb_text][\/et_pb_column][et_pb_column type=\u00bb1_3&#8243; _builder_version=\u00bb4.6.6&#8243; _module_preset=\u00bbdefault\u00bb][et_pb_image src=\u00bbhttps:\/\/funerariadelmigjorn.com\/wp-content\/uploads\/2020\/11\/omega-deluxe-1024&#215;664-1.jpg\u00bb title_text=\u00bbomega-deluxe-1024&#215;664&#8243; show_in_lightbox=\u00bbon\u00bb _builder_version=\u00bb4.9.1&#8243; _module_preset=\u00bbdefault\u00bb hover_enabled=\u00bb0&#8243; sticky_enabled=\u00bb0&#8243;][\/et_pb_image][et_pb_text _builder_version=\u00bb4.9.1&#8243; _module_preset=\u00bbdefault\u00bb text_font=\u00bb||||||||\u00bb text_orientation=\u00bbcenter\u00bb]<\/p>\n<h4>Omega DeLuxe<\/h4>\n<p>[\/et_pb_text][\/et_pb_column][\/et_pb_row][\/et_pb_section]<\/p>\n","protected":false},"excerpt":{"rendered":"<p>Funer\u00e0ria del Migjorn F\u00e9retrosAlfaGammaDeltaInncineraci\u00f3OmegaOmega DeLuxe<\/p>\n","protected":false},"author":1,"featured_media":0,"parent":0,"menu_order":0,"comment_status":"closed","ping_status":"closed","template":"","meta":{"_et_pb_use_builder":"on","_et_pb_old_content":"","_et_gb_content_width":""},"_links":{"self":[{"href":"https:\/\/funerariadelmigjorn.com\/es\/wp-json\/wp\/v2\/pages\/50041"}],"collection":[{"href":"https:\/\/funerariadelmigjorn.com\/es\/wp-json\/wp\/v2\/pages"}],"about":[{"href":"https:\/\/funerariadelmigjorn.com\/es\/wp-json\/wp\/v2\/types\/page"}],"author":[{"embeddable":true,"href":"https:\/\/funerariadelmigjorn.com\/es\/wp-json\/wp\/v2\/users\/1"}],"replies":[{"embeddable":true,"href":"https:\/\/funerariadelmigjorn.com\/es\/wp-json\/wp\/v2\/comments?post=50041"}],"version-history":[{"count":5,"href":"https:\/\/funerariadelmigjorn.com\/es\/wp-json\/wp\/v2\/pages\/50041\/revisions"}],"predecessor-version":[{"id":50625,"href":"https:\/\/funerariadelmigjorn.com\/es\/wp-json\/wp\/v2\/pages\/50041\/revisions\/50625"}],"wp:attachment":[{"href":"https:\/\/funerariadelmigjorn.com\/es\/wp-json\/wp\/v2\/media?parent=50041"}],"curies":[{"name":"wp","href":"https:\/\/api.w.org\/{rel}","templated":true}]}}