{"id":50038,"date":"2021-03-10T12:15:48","date_gmt":"2021-03-10T11:15:48","guid":{"rendered":"https:\/\/funerariadelmigjorn.com\/contacto\/"},"modified":"2021-04-12T11:45:20","modified_gmt":"2021-04-12T09:45:20","slug":"contacto","status":"publish","type":"page","link":"https:\/\/funerariadelmigjorn.com\/es\/contacto\/","title":{"rendered":"Contacto"},"content":{"rendered":"<p>[et_pb_section fb_built=\u00bb1&#8243; _builder_version=\u00bb4.9.1&#8243; _module_preset=\u00bbdefault\u00bb background_image=\u00bbhttps:\/\/funerariadelmigjorn.com\/wp-content\/uploads\/2021\/04\/3_resultado.jpg\u00bb custom_padding=\u00bb95px||95px|||\u00bb hover_enabled=\u00bb0&#8243; title_text=\u00bb3_resultado\u00bb sticky_enabled=\u00bb0&#8243;][et_pb_row _builder_version=\u00bb4.6.6&#8243; _module_preset=\u00bbdefault\u00bb background_color=\u00bb#ffffff\u00bb width=\u00bb400px\u00bb custom_padding=\u00bb40px|||||\u00bb][et_pb_column type=\u00bb4_4&#8243; _builder_version=\u00bb4.6.6&#8243; _module_preset=\u00bbdefault\u00bb][et_pb_text _builder_version=\u00bb4.9.1&#8243; _module_preset=\u00bbdefault\u00bb header_2_font=\u00bb|700|||||||\u00bb header_2_text_align=\u00bbcenter\u00bb header_2_text_color=\u00bb#000000&#8243; header_3_text_align=\u00bbcenter\u00bb]<\/p>\n<h2>Funer\u00e0ria del Migjorn<\/h2>\n<h3>Contacto y ubicaci\u00f3n<\/h3>\n<p>[\/et_pb_text][\/et_pb_column][\/et_pb_row][\/et_pb_section][et_pb_section fb_built=\u00bb1&#8243; _builder_version=\u00bb4.6.6&#8243; _module_preset=\u00bbdefault\u00bb custom_padding=\u00bb26px||0px|||\u00bb][et_pb_row _builder_version=\u00bb4.6.6&#8243; _module_preset=\u00bbdefault\u00bb][et_pb_column type=\u00bb4_4&#8243; _builder_version=\u00bb4.6.6&#8243; _module_preset=\u00bbdefault\u00bb][et_pb_contact_form email=\u00bbfunerariadelmigjorn@gmail.com\u00bb title=\u00bbEnv\u00edanos un mensaje\u00bb custom_message=\u00bbMensaje enviado desde la web:||et_pb_line_break_holder||||et_pb_line_break_holder||Nom: %%Nom%%||et_pb_line_break_holder||Email: %%Email%%||et_pb_line_break_holder||Missatge: %%Missatge%%\u00bb success_message=\u00bbMensaje enviado correctamente\u00bb submit_button_text=\u00bbEnviar\u00bb _builder_version=\u00bb4.8.1&#8243; _module_preset=\u00bbdefault\u00bb form_field_background_color=\u00bb#f9f9f9&#8243; custom_button=\u00bbon\u00bb button_text_color=\u00bb#000000&#8243; button_border_width=\u00bb0px\u00bb border_width_bottom=\u00bb1px\u00bb][et_pb_contact_field field_id=\u00bbNom\u00bb field_title=\u00bbNombre\u00bb _builder_version=\u00bb4.8.1&#8243; button_text_size__hover_enabled=\u00bboff\u00bb button_one_text_size__hover_enabled=\u00bboff\u00bb button_two_text_size__hover_enabled=\u00bboff\u00bb button_text_color__hover_enabled=\u00bboff\u00bb button_one_text_color__hover_enabled=\u00bboff\u00bb button_two_text_color__hover_enabled=\u00bboff\u00bb button_border_width__hover_enabled=\u00bboff\u00bb button_one_border_width__hover_enabled=\u00bboff\u00bb button_two_border_width__hover_enabled=\u00bboff\u00bb button_border_color__hover_enabled=\u00bboff\u00bb button_one_border_color__hover_enabled=\u00bboff\u00bb button_two_border_color__hover_enabled=\u00bboff\u00bb button_border_radius__hover_enabled=\u00bboff\u00bb button_one_border_radius__hover_enabled=\u00bboff\u00bb button_two_border_radius__hover_enabled=\u00bboff\u00bb button_letter_spacing__hover_enabled=\u00bboff\u00bb button_one_letter_spacing__hover_enabled=\u00bboff\u00bb button_two_letter_spacing__hover_enabled=\u00bboff\u00bb button_bg_color__hover_enabled=\u00bboff\u00bb button_one_bg_color__hover_enabled=\u00bboff\u00bb button_two_bg_color__hover_enabled=\u00bboff\u00bb][\/et_pb_contact_field][et_pb_contact_field field_id=\u00bbEmail\u00bb field_title=\u00bbEmail\u00bb field_type=\u00bbemail\u00bb _builder_version=\u00bb4.8.1&#8243; button_text_size__hover_enabled=\u00bboff\u00bb button_one_text_size__hover_enabled=\u00bboff\u00bb button_two_text_size__hover_enabled=\u00bboff\u00bb button_text_color__hover_enabled=\u00bboff\u00bb button_one_text_color__hover_enabled=\u00bboff\u00bb button_two_text_color__hover_enabled=\u00bboff\u00bb button_border_width__hover_enabled=\u00bboff\u00bb button_one_border_width__hover_enabled=\u00bboff\u00bb button_two_border_width__hover_enabled=\u00bboff\u00bb button_border_color__hover_enabled=\u00bboff\u00bb button_one_border_color__hover_enabled=\u00bboff\u00bb button_two_border_color__hover_enabled=\u00bboff\u00bb button_border_radius__hover_enabled=\u00bboff\u00bb button_one_border_radius__hover_enabled=\u00bboff\u00bb button_two_border_radius__hover_enabled=\u00bboff\u00bb button_letter_spacing__hover_enabled=\u00bboff\u00bb button_one_letter_spacing__hover_enabled=\u00bboff\u00bb button_two_letter_spacing__hover_enabled=\u00bboff\u00bb button_bg_color__hover_enabled=\u00bboff\u00bb button_one_bg_color__hover_enabled=\u00bboff\u00bb button_two_bg_color__hover_enabled=\u00bboff\u00bb][\/et_pb_contact_field][et_pb_contact_field field_id=\u00bbMissatge\u00bb field_title=\u00bbMensaje\u00bb field_type=\u00bbtext\u00bb fullwidth_field=\u00bbon\u00bb _builder_version=\u00bb4.8.1&#8243; button_text_size__hover_enabled=\u00bboff\u00bb button_one_text_size__hover_enabled=\u00bboff\u00bb button_two_text_size__hover_enabled=\u00bboff\u00bb button_text_color__hover_enabled=\u00bboff\u00bb button_one_text_color__hover_enabled=\u00bboff\u00bb button_two_text_color__hover_enabled=\u00bboff\u00bb button_border_width__hover_enabled=\u00bboff\u00bb button_one_border_width__hover_enabled=\u00bboff\u00bb button_two_border_width__hover_enabled=\u00bboff\u00bb button_border_color__hover_enabled=\u00bboff\u00bb button_one_border_color__hover_enabled=\u00bboff\u00bb button_two_border_color__hover_enabled=\u00bboff\u00bb button_border_radius__hover_enabled=\u00bboff\u00bb button_one_border_radius__hover_enabled=\u00bboff\u00bb button_two_border_radius__hover_enabled=\u00bboff\u00bb button_letter_spacing__hover_enabled=\u00bboff\u00bb button_one_letter_spacing__hover_enabled=\u00bboff\u00bb button_two_letter_spacing__hover_enabled=\u00bboff\u00bb button_bg_color__hover_enabled=\u00bboff\u00bb button_one_bg_color__hover_enabled=\u00bboff\u00bb button_two_bg_color__hover_enabled=\u00bboff\u00bb][\/et_pb_contact_field][\/et_pb_contact_form][et_pb_text _builder_version=\u00bb4.8.1&#8243; _module_preset=\u00bbdefault\u00bb text_text_color=\u00bbrgba(0,0,0,0.36)\u00bb text_font_size=\u00bb12px\u00bb]Para cumplir con la nueva Ley de Protecci\u00f3n de Datos y que tus datos Est\u00e9n Fuera de Peligro, debes leer y aceptar nuestra pol\u00edtica de privacidad: Responsable: Funeraria del Migjorn, SLU a nombre de Funeraria del Migjorn, SL | Finalidad: La finalidad de la Recogida y Tratamiento de los datos personales es para gestionar el alta en la SUSCRIPCI\u00d3N ya indicada | Legitimaci\u00f3n: Al marcar la Casilla de Aceptaci\u00f3n, est\u00e1s dando tu leg\u00edtimo Consentimiento para que tus datos sean tratados de acorde con los fines de este formulario y para las personas y \/ o proveedores que se indican a continuaci\u00f3n | Destinatarios: Debido al Uso de servicios de TERCEROS, tus datos ser\u00e1n guardados en los servidores de Google (Google, Inc), WordPress (WordPress.org) | Derechos: Tienes derecho a Acceder, rectificar, limitar y suprimir tus datos. Para esto contacta con funerariadelmigjorn@gmail.com[\/et_pb_text][\/et_pb_column][\/et_pb_row][et_pb_row _builder_version=\u00bb4.8.1&#8243; _module_preset=\u00bbdefault\u00bb width=\u00bb100%\u00bb max_width=\u00bb100%\u00bb custom_padding=\u00bb||0px|||\u00bb][et_pb_column type=\u00bb4_4&#8243; _builder_version=\u00bb4.8.1&#8243; _module_preset=\u00bbdefault\u00bb][et_pb_code _builder_version=\u00bb4.6.6&#8243; _module_preset=\u00bbdefault\u00bb custom_margin=\u00bb||-108px|||\u00bb custom_padding=\u00bb||0px|||\u00bb]<iframe loading=\"lazy\" src=\"https:\/\/www.google.com\/maps\/embed?pb=!1m14!1m8!1m3!1d12343.37217059536!2d3.0518804!3d39.3371415!3m2!1i1024!2i768!4f13.1!3m3!1m2!1s0x0%3A0xe3651cf201a0208f!2sFuner%C3%A0ria%20del%20Migjorn!5e0!3m2!1ses!2ses!4v1605219183042!5m2!1ses!2ses\" width=\"100%\" height=\"450\" frameborder=\"0\" style=\"border:0;\" allowfullscreen=\"\" aria-hidden=\"false\" tabindex=\"0\"><\/iframe>[\/et_pb_code][\/et_pb_column][\/et_pb_row][\/et_pb_section]<\/p>\n","protected":false},"excerpt":{"rendered":"<p>Funer\u00e0ria del Migjorn Contacto y ubicaci\u00f3nPara cumplir con la nueva Ley de Protecci\u00f3n de Datos y que tus datos Est\u00e9n Fuera de Peligro, debes leer y aceptar nuestra pol\u00edtica de privacidad: Responsable: Funeraria del Migjorn, SLU a nombre de Funeraria del Migjorn, SL | Finalidad: La finalidad de la Recogida y Tratamiento de los datos [&hellip;]<\/p>\n","protected":false},"author":1,"featured_media":0,"parent":0,"menu_order":0,"comment_status":"closed","ping_status":"closed","template":"","meta":{"_et_pb_use_builder":"on","_et_pb_old_content":"","_et_gb_content_width":""},"_links":{"self":[{"href":"https:\/\/funerariadelmigjorn.com\/es\/wp-json\/wp\/v2\/pages\/50038"}],"collection":[{"href":"https:\/\/funerariadelmigjorn.com\/es\/wp-json\/wp\/v2\/pages"}],"about":[{"href":"https:\/\/funerariadelmigjorn.com\/es\/wp-json\/wp\/v2\/types\/page"}],"author":[{"embeddable":true,"href":"https:\/\/funerariadelmigjorn.com\/es\/wp-json\/wp\/v2\/users\/1"}],"replies":[{"embeddable":true,"href":"https:\/\/funerariadelmigjorn.com\/es\/wp-json\/wp\/v2\/comments?post=50038"}],"version-history":[{"count":6,"href":"https:\/\/funerariadelmigjorn.com\/es\/wp-json\/wp\/v2\/pages\/50038\/revisions"}],"predecessor-version":[{"id":50584,"href":"https:\/\/funerariadelmigjorn.com\/es\/wp-json\/wp\/v2\/pages\/50038\/revisions\/50584"}],"wp:attachment":[{"href":"https:\/\/funerariadelmigjorn.com\/es\/wp-json\/wp\/v2\/media?parent=50038"}],"curies":[{"name":"wp","href":"https:\/\/api.w.org\/{rel}","templated":true}]}}