{"id":50016,"date":"2021-03-10T11:59:15","date_gmt":"2021-03-10T10:59:15","guid":{"rendered":"https:\/\/funerariadelmigjorn.com\/medidas-covid-19\/"},"modified":"2021-05-07T13:31:15","modified_gmt":"2021-05-07T11:31:15","slug":"medidas-covid-19","status":"publish","type":"page","link":"https:\/\/funerariadelmigjorn.com\/es\/medidas-covid-19\/","title":{"rendered":"Medidas Covid-19"},"content":{"rendered":"<p>[et_pb_section fb_built=\u00bb1&#8243; _builder_version=\u00bb4.9.1&#8243; _module_preset=\u00bbdefault\u00bb background_image=\u00bbhttps:\/\/funerariadelmigjorn.com\/wp-content\/uploads\/2021\/01\/covid-background-EM8THV7-1.jpg\u00bb custom_padding=\u00bb95px||95px|||\u00bb][et_pb_row _builder_version=\u00bb4.6.6&#8243; _module_preset=\u00bbdefault\u00bb background_color=\u00bb#ffffff\u00bb width=\u00bb400px\u00bb custom_padding=\u00bb40px|||||\u00bb][et_pb_column type=\u00bb4_4&#8243; _builder_version=\u00bb4.6.6&#8243; _module_preset=\u00bbdefault\u00bb][et_pb_text _builder_version=\u00bb4.9.1&#8243; _module_preset=\u00bbdefault\u00bb header_2_font=\u00bb|700|||||||\u00bb header_2_text_align=\u00bbcenter\u00bb header_2_text_color=\u00bb#000000&#8243; header_3_text_align=\u00bbcenter\u00bb]<\/p>\n<h2>Funer\u00e0ria del Migjorn<\/h2>\n<h3>Medidas Covid-19<\/h3>\n<p>[\/et_pb_text][\/et_pb_column][\/et_pb_row][\/et_pb_section][et_pb_section fb_built=\u00bb1&#8243; disabled_on=\u00bboff|off|off\u00bb _builder_version=\u00bb4.8.1&#8243; _module_preset=\u00bbdefault\u00bb background_color=\u00bb#FFFFFF\u00bb custom_padding=\u00bb0px|||||\u00bb][et_pb_row _builder_version=\u00bb4.6.6&#8243; _module_preset=\u00bbdefault\u00bb][et_pb_column type=\u00bb4_4&#8243; _builder_version=\u00bb4.6.6&#8243; _module_preset=\u00bbdefault\u00bb][et_pb_image src=\u00bbhttps:\/\/funerariadelmigjorn.com\/wp-content\/uploads\/2020\/11\/logo-funeraria-migjorn-gris-1024&#215;282-1.png\u00bb title_text=\u00bblogo-funeraria-migjorn-gris-1024&#215;282&#8243; align=\u00bbcenter\u00bb _builder_version=\u00bb4.8.1&#8243; _module_preset=\u00bbdefault\u00bb width=\u00bb39%\u00bb][\/et_pb_image][et_pb_text _builder_version=\u00bb4.8.1&#8243; _module_preset=\u00bbdefault\u00bb text_font=\u00bb|300|||||||\u00bb width=\u00bb79%\u00bb module_alignment=\u00bbcenter\u00bb text_line_height__hover_enabled=\u00bboff|desktop\u00bb]<\/p>\n<p>Para <strong>Funer\u00e0ria del Migjorn<\/strong> tu bienestar y el de nuestros trabajadores es lo m\u00e1s importante. Por eso hemos puesto en marcha una serie de medidas para garantizar la seguridad de todos:<\/p>\n<p>[\/et_pb_text][\/et_pb_column][\/et_pb_row][et_pb_row column_structure=\u00bb1_2,1_2&#8243; _builder_version=\u00bb4.8.1&#8243; _module_preset=\u00bbdefault\u00bb][et_pb_column type=\u00bb1_2&#8243; _builder_version=\u00bb4.8.1&#8243; _module_preset=\u00bbdefault\u00bb][et_pb_blurb url=\u00bbhttps:\/\/funerariadelmigjorn.com\/es\/servicios-funerarios\/\u00bb image=\u00bbhttps:\/\/funerariadelmigjorn.com\/wp-content\/uploads\/2021\/03\/epi.png\u00bb icon_placement=\u00bbleft\u00bb image_max_width=\u00bb51px\u00bb _builder_version=\u00bb4.9.1&#8243; header_font=\u00bb||||||||\u00bb header_font_size=\u00bb20px\u00bb header_line_height=\u00bb1.5em\u00bb body_font=\u00bb|300|||||||\u00bb body_text_align=\u00bbleft\u00bb body_font_size=\u00bb14px\u00bb body_line_height=\u00bb1.9em\u00bb text_orientation=\u00bbcenter\u00bb animation_style=\u00bbslide\u00bb animation_direction=\u00bbtop\u00bb animation_intensity_slide=\u00bb2%\u00bb animation=\u00bboff\u00bb header_font_size_tablet=\u00bb30px\u00bb header_font_size_phone=\u00bb25px\u00bb header_font_size_last_edited=\u00bboff|desktop\u00bb border_radii_image=\u00bbon|100px|100px|100px|100px\u00bb border_width_all_image=\u00bb2px\u00bb border_color_all_image=\u00bb#ffffff\u00bb box_shadow_style_image=\u00bbpreset5&#8243; box_shadow_vertical_image=\u00bb0px\u00bb box_shadow_spread_image=\u00bb2px\u00bb box_shadow_color_image=\u00bb#eceff3&#8243;]<\/p>\n<p><span style=\"font-size: 14px\">Nuestros operarios cuentan con Equipos de Protecci\u00f3n Individuales (EPI) adecuados para poder llevar a cabo una recogida segura en caso de defunci\u00f3n por Covid-19: monos de protecci\u00f3n de un solo uso, doble capa de guantes de un solo uso, botas aislantes, mascarillas con pantalla y dos filtros de aire, productos desinfectantes personales y para superficies, etc.<\/span><\/p>\n<p>[\/et_pb_blurb][\/et_pb_column][et_pb_column type=\u00bb1_2&#8243; _builder_version=\u00bb4.8.1&#8243; _module_preset=\u00bbdefault\u00bb][et_pb_blurb url=\u00bbhttps:\/\/funerariadelmigjorn.com\/es\/servicios-funerarios\/\u00bb image=\u00bbhttps:\/\/funerariadelmigjorn.com\/wp-content\/uploads\/2021\/03\/feretro.png\u00bb icon_placement=\u00bbleft\u00bb image_max_width=\u00bb51px\u00bb _builder_version=\u00bb4.9.1&#8243; header_font=\u00bb||||||||\u00bb header_font_size=\u00bb20px\u00bb header_line_height=\u00bb1.5em\u00bb body_font=\u00bb|300|||||||\u00bb body_text_align=\u00bbleft\u00bb body_font_size=\u00bb14px\u00bb body_line_height=\u00bb1.9em\u00bb text_orientation=\u00bbcenter\u00bb animation_style=\u00bbslide\u00bb animation_direction=\u00bbtop\u00bb animation_intensity_slide=\u00bb2%\u00bb animation=\u00bboff\u00bb border_radii_image=\u00bbon|100px|100px|100px|100px\u00bb border_width_all_image=\u00bb2px\u00bb border_color_all_image=\u00bb#ffffff\u00bb box_shadow_style_image=\u00bbpreset5&#8243; box_shadow_vertical_image=\u00bb0px\u00bb box_shadow_spread_image=\u00bb2px\u00bb box_shadow_color_image=\u00bb#eceff3&#8243;]<\/p>\n<p>Los fallecidos por Covid-19 ser\u00e1n recogidos en el centro hospitalario, residencia o domicilio y colocados directamente en un f\u00e9retro que ser\u00e1 desinfectado y quedar\u00e1 precintado inmediatamente. Este f\u00e9retro no se podr\u00e1 volver a abrir, de modo que no se podr\u00e1n llevar a cabo tareas de acondicionamiento ni velatorios.<\/p>\n<p>[\/et_pb_blurb][\/et_pb_column][\/et_pb_row][et_pb_row column_structure=\u00bb1_2,1_2&#8243; _builder_version=\u00bb4.8.1&#8243; _module_preset=\u00bbdefault\u00bb][et_pb_column type=\u00bb1_2&#8243; _builder_version=\u00bb4.8.1&#8243; _module_preset=\u00bbdefault\u00bb][et_pb_blurb url=\u00bbhttps:\/\/funerariadelmigjorn.com\/es\/servicios-funerarios\/\u00bb image=\u00bbhttps:\/\/funerariadelmigjorn.com\/wp-content\/uploads\/2021\/03\/mascarilla.png\u00bb icon_placement=\u00bbleft\u00bb image_max_width=\u00bb51px\u00bb _builder_version=\u00bb4.9.1&#8243; header_font=\u00bb||||||||\u00bb header_font_size=\u00bb20px\u00bb header_line_height=\u00bb1.5em\u00bb body_font=\u00bb|300|||||||\u00bb body_text_align=\u00bbleft\u00bb body_font_size=\u00bb14px\u00bb body_line_height=\u00bb1.9em\u00bb text_orientation=\u00bbcenter\u00bb animation_style=\u00bbslide\u00bb animation_direction=\u00bbtop\u00bb animation_intensity_slide=\u00bb2%\u00bb animation=\u00bboff\u00bb border_radii_image=\u00bbon|100px|100px|100px|100px\u00bb border_width_all_image=\u00bb2px\u00bb border_color_all_image=\u00bb#ffffff\u00bb box_shadow_style_image=\u00bbpreset5&#8243; box_shadow_vertical_image=\u00bb0px\u00bb box_shadow_spread_image=\u00bb2px\u00bb box_shadow_color_image=\u00bb#eceff3&#8243;]<\/p>\n<p>Nuestros trabajadores reducir\u00e1n al m\u00e1ximo el contacto con las familias que han sufrido la p\u00e9rdida. olo se permitir\u00e1 un m\u00e1ximo de dos familiares durante la tramitaci\u00f3n, que deber\u00e1n estar provistos de mascarilla en todo momento.<\/p>\n<p>[\/et_pb_blurb][\/et_pb_column][et_pb_column type=\u00bb1_2&#8243; _builder_version=\u00bb4.8.1&#8243; _module_preset=\u00bbdefault\u00bb][et_pb_blurb url=\u00bbhttps:\/\/funerariadelmigjorn.com\/es\/servicios-funerarios\/\u00bb image=\u00bbhttps:\/\/funerariadelmigjorn.com\/wp-content\/uploads\/2021\/03\/movil.png\u00bb icon_placement=\u00bbleft\u00bb image_max_width=\u00bb51px\u00bb _builder_version=\u00bb4.9.1&#8243; header_font=\u00bb||||||||\u00bb header_font_size=\u00bb20px\u00bb header_line_height=\u00bb1.5em\u00bb body_font=\u00bb|300|||||||\u00bb body_text_align=\u00bbleft\u00bb body_font_size=\u00bb14px\u00bb body_line_height=\u00bb1.9em\u00bb text_orientation=\u00bbcenter\u00bb animation_style=\u00bbslide\u00bb animation_direction=\u00bbtop\u00bb animation_intensity_slide=\u00bb2%\u00bb animation=\u00bboff\u00bb border_radii_image=\u00bbon|100px|100px|100px|100px\u00bb border_width_all_image=\u00bb2px\u00bb border_color_all_image=\u00bb#ffffff\u00bb box_shadow_style_image=\u00bbpreset5&#8243; box_shadow_vertical_image=\u00bb0px\u00bb box_shadow_spread_image=\u00bb2px\u00bb box_shadow_color_image=\u00bb#eceff3&#8243;]<\/p>\n<p>Siempre que se pueda evitar, no se llevar\u00e1n a cabo tramitaciones en domicilios o residencias. Se evitar\u00e1 el contacto f\u00edsico realizando gestiones telem\u00e1ticas siempre que sea posible.<\/p>\n<p>[\/et_pb_blurb][\/et_pb_column][\/et_pb_row][et_pb_row column_structure=\u00bb1_2,1_2&#8243; _builder_version=\u00bb4.8.1&#8243; _module_preset=\u00bbdefault\u00bb][et_pb_column type=\u00bb1_2&#8243; _builder_version=\u00bb4.8.1&#8243; _module_preset=\u00bbdefault\u00bb][et_pb_blurb url=\u00bbhttps:\/\/funerariadelmigjorn.com\/es\/servicios-funerarios\/\u00bb image=\u00bbhttps:\/\/funerariadelmigjorn.com\/wp-content\/uploads\/2021\/03\/distancia-1.png\u00bb icon_placement=\u00bbleft\u00bb image_max_width=\u00bb51px\u00bb _builder_version=\u00bb4.9.1&#8243; header_font=\u00bb||||||||\u00bb header_font_size=\u00bb20px\u00bb header_line_height=\u00bb1.5em\u00bb body_font=\u00bb|300|||||||\u00bb body_text_align=\u00bbleft\u00bb body_font_size=\u00bb14px\u00bb body_line_height=\u00bb1.9em\u00bb text_orientation=\u00bbcenter\u00bb animation_style=\u00bbslide\u00bb animation_direction=\u00bbtop\u00bb animation_intensity_slide=\u00bb2%\u00bb animation=\u00bboff\u00bb border_radii_image=\u00bbon|100px|100px|100px|100px\u00bb border_width_all_image=\u00bb2px\u00bb border_color_all_image=\u00bb#ffffff\u00bb box_shadow_style_image=\u00bbpreset5&#8243; box_shadow_vertical_image=\u00bb0px\u00bb box_shadow_spread_image=\u00bb2px\u00bb box_shadow_color_image=\u00bb#eceff3&#8243;]<\/p>\n<p>Para fallecidos por causes diferentes al Covid-19 se reducir\u00e1n los aforos de los velatorios seg\u00fan las restricciones del momento, manteniendo 1,5m de distancia f\u00edsica interpersonal, cumpliendo con las normas de higiene y seguridad establecidas y haciendo uso de la mascarilla.<\/p>\n<p>[\/et_pb_blurb][\/et_pb_column][et_pb_column type=\u00bb1_2&#8243; _builder_version=\u00bb4.8.1&#8243; _module_preset=\u00bbdefault\u00bb][et_pb_blurb url=\u00bbhttps:\/\/funerariadelmigjorn.com\/es\/servicios-funerarios\/\u00bb image=\u00bbhttps:\/\/funerariadelmigjorn.com\/wp-content\/uploads\/2021\/01\/funeral-services-icon-dark-09.png\u00bb icon_placement=\u00bbleft\u00bb image_max_width=\u00bb51px\u00bb _builder_version=\u00bb4.9.1&#8243; header_font=\u00bb||||||||\u00bb header_font_size=\u00bb20px\u00bb header_line_height=\u00bb1.5em\u00bb body_font=\u00bb|300|||||||\u00bb body_text_align=\u00bbleft\u00bb body_font_size=\u00bb14px\u00bb body_line_height=\u00bb1.9em\u00bb text_orientation=\u00bbcenter\u00bb animation_style=\u00bbslide\u00bb animation_direction=\u00bbtop\u00bb animation_intensity_slide=\u00bb2%\u00bb animation=\u00bboff\u00bb border_radii_image=\u00bbon|100px|100px|100px|100px\u00bb border_width_all_image=\u00bb2px\u00bb border_color_all_image=\u00bb#ffffff\u00bb box_shadow_style_image=\u00bbpreset5&#8243; box_shadow_vertical_image=\u00bb0px\u00bb box_shadow_spread_image=\u00bb2px\u00bb box_shadow_color_image=\u00bb#eceff3&#8243;]<\/p>\n<p>La asistencia a entierros en caso de inhumaci\u00f3n se limitar\u00e1 de acuerdo a la normativa vigente, respetando a su vez los criterios de seguridad generales.<\/p>\n<p>[\/et_pb_blurb][\/et_pb_column][\/et_pb_row][et_pb_row column_structure=\u00bb1_2,1_2&#8243; _builder_version=\u00bb4.8.1&#8243; _module_preset=\u00bbdefault\u00bb][et_pb_column type=\u00bb1_2&#8243; _builder_version=\u00bb4.8.1&#8243; _module_preset=\u00bbdefault\u00bb][et_pb_blurb url=\u00bbhttps:\/\/funerariadelmigjorn.com\/es\/servicios-funerarios\/\u00bb image=\u00bbhttps:\/\/funerariadelmigjorn.com\/wp-content\/uploads\/2021\/01\/funeral-services-icon-dark-08.png\u00bb icon_placement=\u00bbleft\u00bb image_max_width=\u00bb51px\u00bb _builder_version=\u00bb4.9.1&#8243; header_font=\u00bb||||||||\u00bb header_font_size=\u00bb20px\u00bb header_line_height=\u00bb1.5em\u00bb body_font=\u00bb|300|||||||\u00bb body_text_align=\u00bbleft\u00bb body_font_size=\u00bb14px\u00bb body_line_height=\u00bb1.9em\u00bb text_orientation=\u00bbcenter\u00bb animation_style=\u00bbslide\u00bb animation_direction=\u00bbtop\u00bb animation_intensity_slide=\u00bb2%\u00bb animation=\u00bboff\u00bb border_radii_image=\u00bbon|100px|100px|100px|100px\u00bb border_width_all_image=\u00bb2px\u00bb border_color_all_image=\u00bb#ffffff\u00bb box_shadow_style_image=\u00bbpreset5&#8243; box_shadow_vertical_image=\u00bb0px\u00bb box_shadow_spread_image=\u00bb2px\u00bb box_shadow_color_image=\u00bb#eceff3&#8243;]<\/p>\n<p>La presencia en crematorios en caso de incineraci\u00f3n ser\u00e1 siempre desaconsejada, aunque, en caso de querer asistir, se permitir\u00e1 un m\u00e1ximo de 4 familiares.<\/p>\n<p>[\/et_pb_blurb][\/et_pb_column][et_pb_column type=\u00bb1_2&#8243; _builder_version=\u00bb4.8.1&#8243; _module_preset=\u00bbdefault\u00bb][et_pb_blurb url=\u00bbhttps:\/\/funerariadelmigjorn.com\/es\/servicios-funerarios\/\u00bb image=\u00bbhttps:\/\/funerariadelmigjorn.com\/wp-content\/uploads\/2021\/03\/coche.png\u00bb icon_placement=\u00bbleft\u00bb image_max_width=\u00bb51px\u00bb _builder_version=\u00bb4.9.1&#8243; header_font=\u00bb||||||||\u00bb header_font_size=\u00bb20px\u00bb header_line_height=\u00bb1.5em\u00bb body_font=\u00bb|300|||||||\u00bb body_text_align=\u00bbleft\u00bb body_font_size=\u00bb14px\u00bb body_line_height=\u00bb1.9em\u00bb text_orientation=\u00bbcenter\u00bb animation_style=\u00bbslide\u00bb animation_direction=\u00bbtop\u00bb animation_intensity_slide=\u00bb2%\u00bb animation=\u00bboff\u00bb border_radii_image=\u00bbon|100px|100px|100px|100px\u00bb border_width_all_image=\u00bb2px\u00bb border_color_all_image=\u00bb#ffffff\u00bb box_shadow_style_image=\u00bbpreset5&#8243; box_shadow_vertical_image=\u00bb0px\u00bb box_shadow_spread_image=\u00bb2px\u00bb box_shadow_color_image=\u00bb#eceff3&#8243;]<\/p>\n<p>Si se necesitara un coche de acompa\u00f1amiento, este solo podr\u00e1 desplazar un m\u00e1ximo de 4 personas del mismo n\u00facleo familiar.<\/p>\n<p>[\/et_pb_blurb][\/et_pb_column][\/et_pb_row][et_pb_row _builder_version=\u00bb4.8.1&#8243; _module_preset=\u00bbdefault\u00bb][et_pb_column type=\u00bb4_4&#8243; _builder_version=\u00bb4.8.1&#8243; _module_preset=\u00bbdefault\u00bb][et_pb_blurb url=\u00bbhttps:\/\/funerariadelmigjorn.com\/es\/servicios-funerarios\/\u00bb image=\u00bbhttps:\/\/funerariadelmigjorn.com\/wp-content\/uploads\/2021\/03\/spray.png\u00bb icon_placement=\u00bbleft\u00bb image_max_width=\u00bb51px\u00bb _builder_version=\u00bb4.9.1&#8243; header_font=\u00bb||||||||\u00bb header_font_size=\u00bb20px\u00bb header_line_height=\u00bb1.5em\u00bb body_font=\u00bb|300|||||||\u00bb body_text_align=\u00bbleft\u00bb body_font_size=\u00bb14px\u00bb body_line_height=\u00bb1.9em\u00bb text_orientation=\u00bbcenter\u00bb animation_style=\u00bbslide\u00bb animation_direction=\u00bbtop\u00bb animation_intensity_slide=\u00bb2%\u00bb animation=\u00bboff\u00bb border_radii_image=\u00bbon|100px|100px|100px|100px\u00bb border_width_all_image=\u00bb2px\u00bb border_color_all_image=\u00bb#ffffff\u00bb box_shadow_style_image=\u00bbpreset5&#8243; box_shadow_vertical_image=\u00bb0px\u00bb box_shadow_spread_image=\u00bb2px\u00bb box_shadow_color_image=\u00bb#eceff3&#8243;]<\/p>\n<p>Se incrementan las frecuencias de limpieza en todos los espacios de nuestras instalaciones.<\/p>\n<p>[\/et_pb_blurb][\/et_pb_column][\/et_pb_row][\/et_pb_section]<\/p>\n","protected":false},"excerpt":{"rendered":"<p>Funer\u00e0ria del Migjorn Medidas Covid-19Para Funer\u00e0ria del Migjorn tu bienestar y el de nuestros trabajadores es lo m\u00e1s importante. Por eso hemos puesto en marcha una serie de medidas para garantizar la seguridad de todos:Nuestros operarios cuentan con Equipos de Protecci\u00f3n Individuales (EPI) adecuados para poder llevar a cabo una recogida segura en caso de [&hellip;]<\/p>\n","protected":false},"author":1,"featured_media":0,"parent":0,"menu_order":0,"comment_status":"closed","ping_status":"closed","template":"","meta":{"_et_pb_use_builder":"on","_et_pb_old_content":"","_et_gb_content_width":""},"_links":{"self":[{"href":"https:\/\/funerariadelmigjorn.com\/es\/wp-json\/wp\/v2\/pages\/50016"}],"collection":[{"href":"https:\/\/funerariadelmigjorn.com\/es\/wp-json\/wp\/v2\/pages"}],"about":[{"href":"https:\/\/funerariadelmigjorn.com\/es\/wp-json\/wp\/v2\/types\/page"}],"author":[{"embeddable":true,"href":"https:\/\/funerariadelmigjorn.com\/es\/wp-json\/wp\/v2\/users\/1"}],"replies":[{"embeddable":true,"href":"https:\/\/funerariadelmigjorn.com\/es\/wp-json\/wp\/v2\/comments?post=50016"}],"version-history":[{"count":9,"href":"https:\/\/funerariadelmigjorn.com\/es\/wp-json\/wp\/v2\/pages\/50016\/revisions"}],"predecessor-version":[{"id":51022,"href":"https:\/\/funerariadelmigjorn.com\/es\/wp-json\/wp\/v2\/pages\/50016\/revisions\/51022"}],"wp:attachment":[{"href":"https:\/\/funerariadelmigjorn.com\/es\/wp-json\/wp\/v2\/media?parent=50016"}],"curies":[{"name":"wp","href":"https:\/\/api.w.org\/{rel}","templated":true}]}}