{"id":50219,"date":"2021-03-11T18:54:44","date_gmt":"2021-03-11T17:54:44","guid":{"rendered":"https:\/\/funerariadelmigjorn.com\/urnen\/"},"modified":"2021-05-07T12:56:43","modified_gmt":"2021-05-07T10:56:43","slug":"urnen","status":"publish","type":"page","link":"https:\/\/funerariadelmigjorn.com\/de\/urnen\/","title":{"rendered":"Urnen"},"content":{"rendered":"<p>[et_pb_section fb_built=&#8220;1&#8243; _builder_version=&#8220;4.6.6&#8243; _module_preset=&#8220;default&#8220; background_image=&#8220;https:\/\/funerariadelmigjorn.com\/wp-content\/uploads\/2020\/11\/lukasz-szmigiel-jFCViYFYcus-unsplash.jpg&#8220; parallax=&#8220;on&#8220; custom_padding=&#8220;95px||95px|||&#8220;][et_pb_row _builder_version=&#8220;4.6.6&#8243; _module_preset=&#8220;default&#8220; background_color=&#8220;#ffffff&#8220; width=&#8220;400px&#8220; custom_padding=&#8220;40px|||||&#8220;][et_pb_column type=&#8220;4_4&#8243; _builder_version=&#8220;4.6.6&#8243; _module_preset=&#8220;default&#8220;][et_pb_text _builder_version=&#8220;4.8.1&#8243; _module_preset=&#8220;default&#8220; header_2_font=&#8220;|700|||||||&#8220; header_2_text_align=&#8220;center&#8220; header_2_text_color=&#8220;#000000&#8243; header_3_text_align=&#8220;center&#8220;]<\/p>\n<h2>Funer\u00e0ria del Migjorn<\/h2>\n<h3>Urnen<\/h3>\n<p>[\/et_pb_text][\/et_pb_column][\/et_pb_row][\/et_pb_section][et_pb_section fb_built=&#8220;1&#8243; _builder_version=&#8220;4.6.6&#8243; _module_preset=&#8220;default&#8220; custom_padding=&#8220;20px|||||&#8220; saved_tabs=&#8220;all&#8220;][et_pb_row column_structure=&#8220;1_3,1_3,1_3&#8243; _builder_version=&#8220;4.6.6&#8243; _module_preset=&#8220;default&#8220;][et_pb_column type=&#8220;1_3&#8243; _builder_version=&#8220;4.6.6&#8243; _module_preset=&#8220;default&#8220;][et_pb_blurb title=&#8220;Urnen Arenae&#8220; image=&#8220;https:\/\/funerariadelmigjorn.com\/wp-content\/uploads\/2021\/04\/arenae.jpg&#8220; title_last_edited=&#8220;off|desktop&#8220; _builder_version=&#8220;4.9.1&#8243; _module_preset=&#8220;default&#8220; header_text_align=&#8220;center&#8220;]<\/p>\n<ul>\n<li>Biologisch abbaubar und \u00f6kologisch auf Basis von Ton und Sand (nat\u00fcrliche Bestandteile).<\/li>\n<li>(kann eingetaucht und begraben werden)<\/li>\n<\/ul>\n<p>[\/et_pb_blurb][\/et_pb_column][et_pb_column type=&#8220;1_3&#8243; _builder_version=&#8220;4.6.6&#8243; _module_preset=&#8220;default&#8220;][et_pb_blurb title=&#8220;Urnen Ed\u00e9n Parnaso&#8220; image=&#8220;https:\/\/funerariadelmigjorn.com\/wp-content\/uploads\/2021\/04\/eden-parnaso.jpg&#8220; title_last_edited=&#8220;off|desktop&#8220; _builder_version=&#8220;4.9.1&#8243; _module_preset=&#8220;default&#8220; header_text_align=&#8220;center&#8220;]<\/p>\n<ul>\n<li>Porzellanmaterial<\/li>\n<\/ul>\n<p>[\/et_pb_blurb][\/et_pb_column][et_pb_column type=&#8220;1_3&#8243; _builder_version=&#8220;4.6.6&#8243; _module_preset=&#8220;default&#8220;][et_pb_blurb title=&#8220;Urnen Ferrer&#8220; image=&#8220;https:\/\/funerariadelmigjorn.com\/wp-content\/uploads\/2021\/04\/ferrer-burdeos.jpg&#8220; title_last_edited=&#8220;off|desktop&#8220; _builder_version=&#8220;4.9.1&#8243; _module_preset=&#8220;default&#8220; header_text_align=&#8220;center&#8220;]<\/p>\n<ul>\n<li>Metallmaterial<\/li>\n<li>(in drei Farben erh\u00e4ltlich: Burgund, Grau und Blau)<\/li>\n<\/ul>\n<p>[\/et_pb_blurb][\/et_pb_column][\/et_pb_row][et_pb_row column_structure=&#8220;1_3,1_3,1_3&#8243; _builder_version=&#8220;4.9.1&#8243; _module_preset=&#8220;default&#8220; custom_margin=&#8220;0px||||false|false&#8220; custom_padding=&#8220;0px||||false|false&#8220;][et_pb_column type=&#8220;1_3&#8243; _builder_version=&#8220;4.9.1&#8243; _module_preset=&#8220;default&#8220;][et_pb_image src=&#8220;https:\/\/funerariadelmigjorn.com\/wp-content\/uploads\/2021\/04\/icono-urna-1-1.png&#8220; title_text=&#8220;icono-urna-1&#8243; align=&#8220;center&#8220; _builder_version=&#8220;4.9.1&#8243; _module_preset=&#8220;default&#8220; custom_margin=&#8220;0px||||false|false&#8220; custom_padding=&#8220;0px||||false|false&#8220; hover_enabled=&#8220;0&#8243; sticky_enabled=&#8220;0&#8243;][\/et_pb_image][\/et_pb_column][et_pb_column type=&#8220;1_3&#8243; _builder_version=&#8220;4.9.1&#8243; _module_preset=&#8220;default&#8220;][et_pb_image src=&#8220;https:\/\/funerariadelmigjorn.com\/wp-content\/uploads\/2021\/04\/icono-urna-1-1.png&#8220; title_text=&#8220;icono-urna-1&#8243; align=&#8220;center&#8220; _builder_version=&#8220;4.9.1&#8243; _module_preset=&#8220;default&#8220; custom_margin=&#8220;0px||||false|false&#8220; custom_padding=&#8220;0px||||false|false&#8220; hover_enabled=&#8220;0&#8243; sticky_enabled=&#8220;0&#8243;][\/et_pb_image][\/et_pb_column][et_pb_column type=&#8220;1_3&#8243; _builder_version=&#8220;4.9.1&#8243; _module_preset=&#8220;default&#8220;][et_pb_image src=&#8220;https:\/\/funerariadelmigjorn.com\/wp-content\/uploads\/2021\/04\/icono-urnas2.png&#8220; title_text=&#8220;icono-urnas2&#8243; align=&#8220;center&#8220; _builder_version=&#8220;4.9.1&#8243; _module_preset=&#8220;default&#8220; custom_margin=&#8220;0px||||false|false&#8220; custom_padding=&#8220;0px||||false|false&#8220; hover_enabled=&#8220;0&#8243; sticky_enabled=&#8220;0&#8243;][\/et_pb_image][\/et_pb_column][\/et_pb_row][et_pb_row _builder_version=&#8220;4.9.1&#8243; _module_preset=&#8220;default&#8220;][et_pb_column _builder_version=&#8220;4.9.1&#8243; _module_preset=&#8220;default&#8220; type=&#8220;4_4&#8243;][et_pb_divider _builder_version=&#8220;4.9.1&#8243; _module_preset=&#8220;default&#8220; color=&#8220;#c4c4c4&#8243; hover_enabled=&#8220;0&#8243; sticky_enabled=&#8220;0&#8243;][\/et_pb_divider][\/et_pb_column][\/et_pb_row][et_pb_row column_structure=&#8220;1_3,1_3,1_3&#8243; _builder_version=&#8220;4.6.6&#8243; _module_preset=&#8220;default&#8220;][et_pb_column type=&#8220;1_3&#8243; _builder_version=&#8220;4.6.6&#8243; _module_preset=&#8220;default&#8220;][et_pb_blurb title=&#8220;Urnen Ferrer&#8220; image=&#8220;https:\/\/funerariadelmigjorn.com\/wp-content\/uploads\/2021\/04\/ferrer-gris.jpg&#8220; title_last_edited=&#8220;off|desktop&#8220; _builder_version=&#8220;4.9.1&#8243; _module_preset=&#8220;default&#8220; header_text_align=&#8220;center&#8220;]<\/p>\n<ul>\n<li>Metallmaterial<\/li>\n<li>(in drei Farben erh\u00e4ltlich: Burgund, Grau und Blau)<\/li>\n<\/ul>\n<p>[\/et_pb_blurb][\/et_pb_column][et_pb_column type=&#8220;1_3&#8243; _builder_version=&#8220;4.6.6&#8243; _module_preset=&#8220;default&#8220;][et_pb_blurb title=&#8220;Urnen Ferrer&#8220; image=&#8220;https:\/\/funerariadelmigjorn.com\/wp-content\/uploads\/2021\/04\/ferrer-blava.jpg&#8220; title_last_edited=&#8220;off|desktop&#8220; _builder_version=&#8220;4.9.1&#8243; _module_preset=&#8220;default&#8220; header_text_align=&#8220;center&#8220;]<\/p>\n<ul>\n<li>Metallmaterial<\/li>\n<li>(in drei Farben erh\u00e4ltlich: Burgund, Grau und Blau)<\/li>\n<\/ul>\n<p>[\/et_pb_blurb][\/et_pb_column][et_pb_column type=&#8220;1_3&#8243; _builder_version=&#8220;4.6.6&#8243; _module_preset=&#8220;default&#8220;][et_pb_blurb title=&#8220;Urnen Osona&#8220; image=&#8220;https:\/\/funerariadelmigjorn.com\/wp-content\/uploads\/2021\/04\/osona.jpg&#8220; title_last_edited=&#8220;off|desktop&#8220; _builder_version=&#8220;4.9.1&#8243; _module_preset=&#8220;default&#8220; header_text_align=&#8220;center&#8220;]<\/p>\n<ul>\n<li>Wenge-Material (Holz) mit Metallb\u00fcgel<\/li>\n<\/ul>\n<p>[\/et_pb_blurb][\/et_pb_column][\/et_pb_row][et_pb_row column_structure=&#8220;1_3,1_3,1_3&#8243; _builder_version=&#8220;4.9.1&#8243; _module_preset=&#8220;default&#8220; custom_margin=&#8220;0px||||false|false&#8220; custom_padding=&#8220;0px||||false|false&#8220;][et_pb_column type=&#8220;1_3&#8243; _builder_version=&#8220;4.9.1&#8243; _module_preset=&#8220;default&#8220;][et_pb_image src=&#8220;https:\/\/funerariadelmigjorn.com\/wp-content\/uploads\/2021\/04\/icono-urnas2.png&#8220; title_text=&#8220;icono-urnas2&#8243; align=&#8220;center&#8220; _builder_version=&#8220;4.9.1&#8243; _module_preset=&#8220;default&#8220; custom_margin=&#8220;0px||||false|false&#8220; custom_padding=&#8220;0px||||false|false&#8220; hover_enabled=&#8220;0&#8243; sticky_enabled=&#8220;0&#8243;][\/et_pb_image][\/et_pb_column][et_pb_column type=&#8220;1_3&#8243; _builder_version=&#8220;4.9.1&#8243; _module_preset=&#8220;default&#8220;][et_pb_image src=&#8220;https:\/\/funerariadelmigjorn.com\/wp-content\/uploads\/2021\/04\/icono-urnas2.png&#8220; title_text=&#8220;icono-urnas2&#8243; align=&#8220;center&#8220; _builder_version=&#8220;4.9.1&#8243; _module_preset=&#8220;default&#8220; custom_margin=&#8220;0px||||false|false&#8220; custom_padding=&#8220;0px||||false|false&#8220; hover_enabled=&#8220;0&#8243; sticky_enabled=&#8220;0&#8243;][\/et_pb_image][\/et_pb_column][et_pb_column type=&#8220;1_3&#8243; _builder_version=&#8220;4.9.1&#8243; _module_preset=&#8220;default&#8220;][et_pb_image src=&#8220;https:\/\/funerariadelmigjorn.com\/wp-content\/uploads\/2021\/04\/icono-urnas3.png&#8220; title_text=&#8220;icono-urnas3&#8243; align=&#8220;center&#8220; _builder_version=&#8220;4.9.1&#8243; _module_preset=&#8220;default&#8220; custom_margin=&#8220;0px||||false|false&#8220; custom_padding=&#8220;0px||||false|false&#8220; hover_enabled=&#8220;0&#8243; sticky_enabled=&#8220;0&#8243;][\/et_pb_image][\/et_pb_column][\/et_pb_row][et_pb_row _builder_version=&#8220;4.9.1&#8243; _module_preset=&#8220;default&#8220;][et_pb_column _builder_version=&#8220;4.9.1&#8243; _module_preset=&#8220;default&#8220; type=&#8220;4_4&#8243;][et_pb_divider _builder_version=&#8220;4.9.1&#8243; _module_preset=&#8220;default&#8220; color=&#8220;#c4c4c4&#8243; hover_enabled=&#8220;0&#8243; sticky_enabled=&#8220;0&#8243;][\/et_pb_divider][\/et_pb_column][\/et_pb_row][et_pb_row column_structure=&#8220;1_3,1_3,1_3&#8243; _builder_version=&#8220;4.6.6&#8243; _module_preset=&#8220;default&#8220;][et_pb_column type=&#8220;1_3&#8243; _builder_version=&#8220;4.6.6&#8243; _module_preset=&#8220;default&#8220;][et_pb_blurb title=&#8220;Urnen Potiche&#8220; image=&#8220;https:\/\/funerariadelmigjorn.com\/wp-content\/uploads\/2021\/04\/potiche.jpg&#8220; title_last_edited=&#8220;off|desktop&#8220; _builder_version=&#8220;4.9.1&#8243; _module_preset=&#8220;default&#8220; header_text_align=&#8220;center&#8220;]<\/p>\n<ul>\n<li>Granitmateria<\/li>\n<\/ul>\n<p>[\/et_pb_blurb][\/et_pb_column][et_pb_column type=&#8220;1_3&#8243; _builder_version=&#8220;4.6.6&#8243; _module_preset=&#8220;default&#8220;][et_pb_blurb title=&#8220;Urnen Tha\u00efs&#8220; image=&#8220;https:\/\/funerariadelmigjorn.com\/wp-content\/uploads\/2021\/04\/thais-perla.jpg&#8220; title_last_edited=&#8220;off|desktop&#8220; _builder_version=&#8220;4.9.1&#8243; _module_preset=&#8220;default&#8220; header_text_align=&#8220;center&#8220;]<\/p>\n<ul>\n<li>Biologisch abbaubar und \u00f6kologisch auf der Basis von Ton und Perle (nat\u00fcrliche Bestandteile).<\/li>\n<li>Es kann untergetaucht und begraben werden.<\/li>\n<li>Erh\u00e4ltlich in Perlmutt und Gr\u00fcn<\/li>\n<\/ul>\n<p>[\/et_pb_blurb][\/et_pb_column][et_pb_column type=&#8220;1_3&#8243; _builder_version=&#8220;4.6.6&#8243; _module_preset=&#8220;default&#8220;][et_pb_blurb title=&#8220;Urnen Tha\u00efs&#8220; image=&#8220;https:\/\/funerariadelmigjorn.com\/wp-content\/uploads\/2021\/04\/thais-verda.jpg&#8220; title_last_edited=&#8220;off|desktop&#8220; _builder_version=&#8220;4.9.1&#8243; _module_preset=&#8220;default&#8220; header_text_align=&#8220;center&#8220;]<\/p>\n<ul>\n<li>Biologisch abbaubar und \u00f6kologisch auf der Basis von Ton und Perle (nat\u00fcrliche Bestandteile).<\/li>\n<li>Es kann untergetaucht und begraben werden.<\/li>\n<li>Erh\u00e4ltlich in Perlmutt und Gr\u00fcn<\/li>\n<\/ul>\n<p>[\/et_pb_blurb][\/et_pb_column][\/et_pb_row][et_pb_row column_structure=&#8220;1_3,1_3,1_3&#8243; _builder_version=&#8220;4.9.1&#8243; _module_preset=&#8220;default&#8220; custom_margin=&#8220;0px||||false|false&#8220; custom_padding=&#8220;0px||||false|false&#8220;][et_pb_column type=&#8220;1_3&#8243; _builder_version=&#8220;4.9.1&#8243; _module_preset=&#8220;default&#8220;][et_pb_image src=&#8220;https:\/\/funerariadelmigjorn.com\/wp-content\/uploads\/2021\/04\/icono-urnas4.png&#8220; title_text=&#8220;icono-urnas4&#8243; align=&#8220;center&#8220; _builder_version=&#8220;4.9.1&#8243; _module_preset=&#8220;default&#8220; custom_margin=&#8220;0px||||false|false&#8220; custom_padding=&#8220;0px||||false|false&#8220; hover_enabled=&#8220;0&#8243; sticky_enabled=&#8220;0&#8243;][\/et_pb_image][\/et_pb_column][et_pb_column type=&#8220;1_3&#8243; _builder_version=&#8220;4.9.1&#8243; _module_preset=&#8220;default&#8220;][et_pb_image src=&#8220;https:\/\/funerariadelmigjorn.com\/wp-content\/uploads\/2021\/04\/icono-urnas5.png&#8220; title_text=&#8220;icono-urnas5&#8243; align=&#8220;center&#8220; _builder_version=&#8220;4.9.1&#8243; _module_preset=&#8220;default&#8220; custom_margin=&#8220;0px||||false|false&#8220; custom_padding=&#8220;0px||||false|false&#8220; hover_enabled=&#8220;0&#8243; sticky_enabled=&#8220;0&#8243;][\/et_pb_image][\/et_pb_column][et_pb_column type=&#8220;1_3&#8243; _builder_version=&#8220;4.9.1&#8243; _module_preset=&#8220;default&#8220;][et_pb_image src=&#8220;https:\/\/funerariadelmigjorn.com\/wp-content\/uploads\/2021\/04\/icono-urnas5.png&#8220; title_text=&#8220;icono-urnas5&#8243; align=&#8220;center&#8220; _builder_version=&#8220;4.9.1&#8243; _module_preset=&#8220;default&#8220; custom_margin=&#8220;0px||||false|false&#8220; custom_padding=&#8220;0px||||false|false&#8220; hover_enabled=&#8220;0&#8243; sticky_enabled=&#8220;0&#8243;][\/et_pb_image][\/et_pb_column][\/et_pb_row][et_pb_row _builder_version=&#8220;4.9.1&#8243; _module_preset=&#8220;default&#8220;][et_pb_column _builder_version=&#8220;4.9.1&#8243; _module_preset=&#8220;default&#8220; type=&#8220;4_4&#8243;][et_pb_divider _builder_version=&#8220;4.9.1&#8243; _module_preset=&#8220;default&#8220; color=&#8220;#c4c4c4&#8243; hover_enabled=&#8220;0&#8243; sticky_enabled=&#8220;0&#8243;][\/et_pb_divider][\/et_pb_column][\/et_pb_row][et_pb_row column_structure=&#8220;1_3,1_3,1_3&#8243; _builder_version=&#8220;4.6.6&#8243; _module_preset=&#8220;default&#8220;][et_pb_column type=&#8220;1_3&#8243; _builder_version=&#8220;4.6.6&#8243; _module_preset=&#8220;default&#8220;][et_pb_blurb title=&#8220;Urnen Crystal&#8220; image=&#8220;https:\/\/funerariadelmigjorn.com\/wp-content\/uploads\/2021\/04\/crystal.jpg&#8220; title_last_edited=&#8220;off|desktop&#8220; _builder_version=&#8220;4.9.1&#8243; _module_preset=&#8220;default&#8220; header_text_align=&#8220;center&#8220;]<\/p>\n<ul>\n<li>Biologisch abbaubar und \u00f6kologisch auf Basis von Ton und Quarz (nat\u00fcrliche Bestandteile<\/li>\n<li>(kann eingetaucht und begraben werden)<\/li>\n<\/ul>\n<p>[\/et_pb_blurb][\/et_pb_column][et_pb_column type=&#8220;1_3&#8243; _builder_version=&#8220;4.6.6&#8243; _module_preset=&#8220;default&#8220;][et_pb_blurb title=&#8220;Urnen Tree Root&#8220; image=&#8220;https:\/\/funerariadelmigjorn.com\/wp-content\/uploads\/2021\/04\/tree-root.jpg&#8220; title_last_edited=&#8220;off|desktop&#8220; _builder_version=&#8220;4.9.1&#8243; _module_preset=&#8220;default&#8220; header_text_align=&#8220;center&#8220;]<\/p>\n<ul>\n<li>Material: Edelstahl<\/li>\n<\/ul>\n<p>[\/et_pb_blurb][\/et_pb_column][et_pb_column type=&#8220;1_3&#8243; _builder_version=&#8220;4.6.6&#8243; _module_preset=&#8220;default&#8220;][et_pb_blurb title=&#8220;Urnen Cerdanya&#8220; image=&#8220;https:\/\/funerariadelmigjorn.com\/wp-content\/uploads\/2021\/04\/cerdanya.jpg&#8220; title_last_edited=&#8220;off|desktop&#8220; _builder_version=&#8220;4.9.1&#8243; _module_preset=&#8220;default&#8220; header_text_align=&#8220;center&#8220;]<\/p>\n<ul>\n<li>Wenge Material (Holz) mit Metallb\u00fcgel<\/li>\n<\/ul>\n<p>[\/et_pb_blurb][\/et_pb_column][\/et_pb_row][et_pb_row column_structure=&#8220;1_3,1_3,1_3&#8243; _builder_version=&#8220;4.9.1&#8243; _module_preset=&#8220;default&#8220; custom_margin=&#8220;0px||||false|false&#8220; custom_padding=&#8220;0px||||false|false&#8220;][et_pb_column type=&#8220;1_3&#8243; _builder_version=&#8220;4.9.1&#8243; _module_preset=&#8220;default&#8220;][et_pb_image src=&#8220;https:\/\/funerariadelmigjorn.com\/wp-content\/uploads\/2021\/04\/icono-urnas6.png&#8220; title_text=&#8220;icono-urnas6&#8243; align=&#8220;center&#8220; _builder_version=&#8220;4.9.1&#8243; _module_preset=&#8220;default&#8220; custom_margin=&#8220;0px||||false|false&#8220; custom_padding=&#8220;0px||||false|false&#8220; hover_enabled=&#8220;0&#8243; sticky_enabled=&#8220;0&#8243;][\/et_pb_image][\/et_pb_column][et_pb_column type=&#8220;1_3&#8243; _builder_version=&#8220;4.9.1&#8243; _module_preset=&#8220;default&#8220;][et_pb_image src=&#8220;https:\/\/funerariadelmigjorn.com\/wp-content\/uploads\/2021\/04\/icono-urnas7.png&#8220; title_text=&#8220;icono-urnas7&#8243; align=&#8220;center&#8220; _builder_version=&#8220;4.9.1&#8243; _module_preset=&#8220;default&#8220; custom_margin=&#8220;0px||||false|false&#8220; custom_padding=&#8220;0px||||false|false&#8220; hover_enabled=&#8220;0&#8243; sticky_enabled=&#8220;0&#8243;][\/et_pb_image][\/et_pb_column][et_pb_column type=&#8220;1_3&#8243; _builder_version=&#8220;4.9.1&#8243; _module_preset=&#8220;default&#8220;][et_pb_image src=&#8220;https:\/\/funerariadelmigjorn.com\/wp-content\/uploads\/2021\/04\/icono-urnas8.png&#8220; title_text=&#8220;icono-urnas8&#8243; align=&#8220;center&#8220; _builder_version=&#8220;4.9.1&#8243; _module_preset=&#8220;default&#8220; custom_margin=&#8220;0px||||false|false&#8220; custom_padding=&#8220;0px||||false|false&#8220; hover_enabled=&#8220;0&#8243; sticky_enabled=&#8220;0&#8243;][\/et_pb_image][\/et_pb_column][\/et_pb_row][et_pb_row _builder_version=&#8220;4.9.1&#8243; _module_preset=&#8220;default&#8220;][et_pb_column _builder_version=&#8220;4.9.1&#8243; _module_preset=&#8220;default&#8220; type=&#8220;4_4&#8243;][et_pb_divider _builder_version=&#8220;4.9.1&#8243; _module_preset=&#8220;default&#8220; color=&#8220;#c4c4c4&#8243; hover_enabled=&#8220;0&#8243; sticky_enabled=&#8220;0&#8243;][\/et_pb_divider][\/et_pb_column][\/et_pb_row][et_pb_row column_structure=&#8220;1_3,1_3,1_3&#8243; _builder_version=&#8220;4.6.6&#8243; _module_preset=&#8220;default&#8220;][et_pb_column type=&#8220;1_3&#8243; _builder_version=&#8220;4.6.6&#8243; _module_preset=&#8220;default&#8220;][et_pb_blurb title=&#8220;Urnen Xantalen Bronze&#8220; image=&#8220;https:\/\/funerariadelmigjorn.com\/wp-content\/uploads\/2021\/04\/xantalen-bronze.jpg&#8220; title_last_edited=&#8220;off|desktop&#8220; _builder_version=&#8220;4.9.1&#8243; _module_preset=&#8220;default&#8220; header_text_align=&#8220;center&#8220; hover_enabled=&#8220;0&#8243; sticky_enabled=&#8220;0&#8243;]<\/p>\n<ul>\n<li>Biologisch abbaubar und \u00f6kologisch auf Basis von Ton und Quarz (nat\u00fcrliche Bestandteile<\/li>\n<li>(kann eingetaucht und begraben werden)<\/li>\n<\/ul>\n<p>[\/et_pb_blurb][\/et_pb_column][et_pb_column type=&#8220;1_3&#8243; _builder_version=&#8220;4.6.6&#8243; _module_preset=&#8220;default&#8220;][\/et_pb_column][et_pb_column type=&#8220;1_3&#8243; _builder_version=&#8220;4.6.6&#8243; _module_preset=&#8220;default&#8220;][\/et_pb_column][\/et_pb_row][et_pb_row column_structure=&#8220;1_3,1_3,1_3&#8243; _builder_version=&#8220;4.9.1&#8243; _module_preset=&#8220;default&#8220; custom_margin=&#8220;0px||||false|false&#8220; custom_padding=&#8220;0px||||false|false&#8220;][et_pb_column type=&#8220;1_3&#8243; _builder_version=&#8220;4.9.1&#8243; _module_preset=&#8220;default&#8220;][et_pb_image src=&#8220;https:\/\/funerariadelmigjorn.com\/wp-content\/uploads\/2021\/05\/xatalen.png&#8220; title_text=&#8220;xatalen&#8220; align=&#8220;center&#8220; _builder_version=&#8220;4.9.1&#8243; _module_preset=&#8220;default&#8220; custom_margin=&#8220;0px||||false|false&#8220; custom_padding=&#8220;0px||||false|false&#8220; hover_enabled=&#8220;0&#8243; sticky_enabled=&#8220;0&#8243;][\/et_pb_image][\/et_pb_column][et_pb_column type=&#8220;1_3&#8243; _builder_version=&#8220;4.9.1&#8243; _module_preset=&#8220;default&#8220;][\/et_pb_column][et_pb_column type=&#8220;1_3&#8243; _builder_version=&#8220;4.9.1&#8243; _module_preset=&#8220;default&#8220;][\/et_pb_column][\/et_pb_row][\/et_pb_section]<\/p>\n","protected":false},"excerpt":{"rendered":"<p>Funer\u00e0ria del Migjorn Urnen Biologisch abbaubar und \u00f6kologisch auf Basis von Ton und Sand (nat\u00fcrliche Bestandteile). (kann eingetaucht und begraben werden) Porzellanmaterial Metallmaterial (in drei Farben erh\u00e4ltlich: Burgund, Grau und Blau) Metallmaterial (in drei Farben erh\u00e4ltlich: Burgund, Grau und Blau) Metallmaterial (in drei Farben erh\u00e4ltlich: Burgund, Grau und Blau) Wenge-Material (Holz) mit Metallb\u00fcgel Granitmateria Biologisch [&hellip;]<\/p>\n","protected":false},"author":1,"featured_media":0,"parent":0,"menu_order":0,"comment_status":"closed","ping_status":"closed","template":"","meta":{"_et_pb_use_builder":"on","_et_pb_old_content":"","_et_gb_content_width":""},"_links":{"self":[{"href":"https:\/\/funerariadelmigjorn.com\/de\/wp-json\/wp\/v2\/pages\/50219"}],"collection":[{"href":"https:\/\/funerariadelmigjorn.com\/de\/wp-json\/wp\/v2\/pages"}],"about":[{"href":"https:\/\/funerariadelmigjorn.com\/de\/wp-json\/wp\/v2\/types\/page"}],"author":[{"embeddable":true,"href":"https:\/\/funerariadelmigjorn.com\/de\/wp-json\/wp\/v2\/users\/1"}],"replies":[{"embeddable":true,"href":"https:\/\/funerariadelmigjorn.com\/de\/wp-json\/wp\/v2\/comments?post=50219"}],"version-history":[{"count":11,"href":"https:\/\/funerariadelmigjorn.com\/de\/wp-json\/wp\/v2\/pages\/50219\/revisions"}],"predecessor-version":[{"id":51002,"href":"https:\/\/funerariadelmigjorn.com\/de\/wp-json\/wp\/v2\/pages\/50219\/revisions\/51002"}],"wp:attachment":[{"href":"https:\/\/funerariadelmigjorn.com\/de\/wp-json\/wp\/v2\/media?parent=50219"}],"curies":[{"name":"wp","href":"https:\/\/api.w.org\/{rel}","templated":true}]}}