{"id":50128,"date":"2021-03-11T15:45:48","date_gmt":"2021-03-11T14:45:48","guid":{"rendered":"https:\/\/funerariadelmigjorn.com\/wer-wir-sind\/"},"modified":"2021-04-12T11:37:32","modified_gmt":"2021-04-12T09:37:32","slug":"wer-wir-sind","status":"publish","type":"page","link":"https:\/\/funerariadelmigjorn.com\/de\/wer-wir-sind\/","title":{"rendered":"Wer wir sind"},"content":{"rendered":"<p>[et_pb_section fb_built=&#8220;1&#8243; _builder_version=&#8220;4.9.1&#8243; _module_preset=&#8220;default&#8220; background_image=&#8220;https:\/\/funerariadelmigjorn.com\/wp-content\/uploads\/2021\/04\/6_resultado.jpg&#8220; parallax=&#8220;on&#8220; custom_padding=&#8220;95px||95px|||&#8220; hover_enabled=&#8220;0&#8243; title_text=&#8220;6_resultado&#8220; sticky_enabled=&#8220;0&#8243;][et_pb_row _builder_version=&#8220;4.6.6&#8243; _module_preset=&#8220;default&#8220; background_color=&#8220;#ffffff&#8220; width=&#8220;400px&#8220; custom_padding=&#8220;40px|||||&#8220;][et_pb_column type=&#8220;4_4&#8243; _builder_version=&#8220;4.6.6&#8243; _module_preset=&#8220;default&#8220;][et_pb_text _builder_version=&#8220;4.6.6&#8243; _module_preset=&#8220;default&#8220; header_2_font=&#8220;|700|||||||&#8220; header_2_text_align=&#8220;center&#8220; header_2_text_color=&#8220;#000000&#8243; header_3_text_align=&#8220;center&#8220;]<\/p>\n<h2>Funer\u00e0ria del Migjorn<\/h2>\n<h3>Wer wir sind<\/h3>\n<p>[\/et_pb_text][\/et_pb_column][\/et_pb_row][\/et_pb_section][et_pb_section fb_built=&#8220;1&#8243; _builder_version=&#8220;4.6.6&#8243; _module_preset=&#8220;default&#8220;][et_pb_row _builder_version=&#8220;4.6.6&#8243; _module_preset=&#8220;default&#8220;][et_pb_column type=&#8220;4_4&#8243; _builder_version=&#8220;4.6.6&#8243; _module_preset=&#8220;default&#8220;][et_pb_image src=&#8220;https:\/\/funerariadelmigjorn.com\/wp-content\/uploads\/2020\/11\/logo-funeraria-migjorn-1024&#215;282-1.png&#8220; title_text=&#8220;logo-funeraria-migjorn-1024&#215;282&#8243; align=&#8220;center&#8220; _builder_version=&#8220;4.6.6&#8243; _module_preset=&#8220;default&#8220; width=&#8220;69%&#8220;][\/et_pb_image][et_pb_text _builder_version=&#8220;4.8.1&#8243; _module_preset=&#8220;default&#8220; text_font=&#8220;|300|||||||&#8220; width=&#8220;79%&#8220; width_tablet=&#8220;&#8220; width_phone=&#8220;95%&#8220; width_last_edited=&#8220;on|phone&#8220; module_alignment=&#8220;center&#8220; text_line_height__hover_enabled=&#8220;off|desktop&#8220;]<\/p>\n<div class=\"parraf\" style=\"text-align: center;\">\n<p>Funer\u00e0ria del Migjorn ist ein Gesch\u00e4ftsprojekt mit einer langen Geschichte. Mit Wurzeln in Ses Salines im S\u00fcden Mallorcas zeichnen wir uns durch N\u00e4he, Zartheit, Respekt und lokalen Geist aus, der sich jedoch st\u00e4ndig weiterentwickelt, was es uns erm\u00f6glicht hat, in allen Teilen der Insel sicher und erfolgreich zu arbeiten. Aus diesem Grund bieten wir ihnen einen professionellen und diskreten Service, der die mehr als 40-j\u00e4hrige Erfahrung nutzt, die uns innerhalb der Branche garantiert und zu den aktuellen Bed\u00fcrfnissen der Bestattungspflege beitr\u00e4gt.<\/p>\n<p><span> <\/span>Wir m\u00f6chten unseren Kunden, unseren Nachbarn, etwas Besonderes sein. Wir haben einen umfassenden Service, der die Koordination aller Verfahren im Zusammenhang mit dem Tod eines Verwandten erleichtert, um die emotionale Belastung zu verringern. Unser Team mit einem gro\u00dfen Geist der Verbesserung bietet die notwendige Unterst\u00fctzung, um jeden zu begleiten, der sie w\u00e4hrend des Transits eines geliebten Menschen ben\u00f6tigt.<\/p>\n<p><span> <\/span>Alles in allem ist Funer\u00e0ria del Migjorn ein zuverl\u00e4ssiges, seri\u00f6ses Unternehmen, in dem Sie angesichts einer Situation, die so ung\u00fcnstig ist wie der Verlust eines geliebten Menschen, eine humanere, aufrichtigere und pers\u00f6nlichere Behandlung finden k\u00f6nnen.<\/p>\n<p>&nbsp;<\/p>\n<\/div>\n<p>[\/et_pb_text][et_pb_divider color=&#8220;#bababa&#8220; divider_weight=&#8220;3px&#8220; _builder_version=&#8220;4.6.6&#8243; _module_preset=&#8220;default&#8220; width=&#8220;13%&#8220; module_alignment=&#8220;center&#8220;][\/et_pb_divider][\/et_pb_column][\/et_pb_row][et_pb_row column_structure=&#8220;1_4,3_4&#8243; use_custom_gutter=&#8220;on&#8220; gutter_width=&#8220;1&#8243; _builder_version=&#8220;4.8.1&#8243; _module_preset=&#8220;default&#8220; custom_margin=&#8220;-22px|auto||auto||&#8220;][et_pb_column type=&#8220;1_4&#8243; _builder_version=&#8220;4.8.1&#8243; _module_preset=&#8220;default&#8220;][et_pb_text _builder_version=&#8220;4.8.1&#8243; _module_preset=&#8220;default&#8220; text_text_color=&#8220;#a3a3a3&#8243; text_font_size=&#8220;36px&#8220; custom_margin_tablet=&#8220;||20px||false|false&#8220; custom_margin_phone=&#8220;||20px||false|false&#8220; custom_margin_last_edited=&#8220;on|tablet&#8220; custom_padding=&#8220;6px||||false|false&#8220;]Verpflichtungen[\/et_pb_text][\/et_pb_column][et_pb_column type=&#8220;3_4&#8243; _builder_version=&#8220;4.6.6&#8243; _module_preset=&#8220;default&#8220;][et_pb_text _builder_version=&#8220;4.8.1&#8243; _module_preset=&#8220;default&#8220; text_font=&#8220;|300|||||||&#8220; width=&#8220;79%&#8220; width_tablet=&#8220;&#8220; width_phone=&#8220;95%&#8220; width_last_edited=&#8220;on|phone&#8220; module_alignment=&#8220;center&#8220; text_line_height__hover_enabled=&#8220;off|desktop&#8220;]<\/p>\n<ul>\n<li class=\"parraf\" style=\"text-align: left;\">\n<p><span style=\"font-size: 16px;\">Effektiv, klar und transparent verwalten<\/span><\/p>\n<\/li>\n<li class=\"parraf\" style=\"text-align: left;\">\n<p><span style=\"font-size: 16px;\"><\/span><span style=\"font-size: 16px;\">Befolgen Sie die Vorschriften und garantieren Sie das Wissen und die Einhaltung der geltenden Gesetze, Vorschriften und Bestimmungen, die f\u00fcr unsere Aktivit\u00e4ten gelten<\/span><\/p>\n<\/li>\n<li class=\"parraf\" style=\"text-align: left;\">\n<p><span style=\"font-size: 16px;\"><\/span><span style=\"font-size: 16px;\">Tragen Sie zum Umweltschutz bei, indem Sie die verf\u00fcgbaren Ressourcen gut nutzen und der Abfallwirtschaft besondere Aufmerksamkeit widmen, Umweltvertr\u00e4glichkeitskriterien bei der Materialversorgung anwenden und m\u00f6gliche umweltsch\u00e4dliche Ma\u00dfnahmen identifizieren, die sich aus unseren Aktivit\u00e4ten ergeben<\/span><\/p>\n<\/li>\n<\/ul>\n<p>[\/et_pb_text][\/et_pb_column][\/et_pb_row][et_pb_row _builder_version=&#8220;4.6.6&#8243; _module_preset=&#8220;default&#8220; width=&#8220;100%&#8220; max_width=&#8220;100%&#8220;][et_pb_column type=&#8220;4_4&#8243; _builder_version=&#8220;4.6.6&#8243; _module_preset=&#8220;default&#8220;][et_pb_code _builder_version=&#8220;4.6.6&#8243; _module_preset=&#8220;default&#8220;]<iframe loading=\"lazy\" src=\"https:\/\/www.google.com\/maps\/embed?pb=!1m14!1m8!1m3!1d12343.37217059536!2d3.0518804!3d39.3371415!3m2!1i1024!2i768!4f13.1!3m3!1m2!1s0x0%3A0xe3651cf201a0208f!2sFuner%C3%A0ria%20del%20Migjorn!5e0!3m2!1ses!2ses!4v1605219183042!5m2!1ses!2ses\" width=\"100%\" height=\"450\" frameborder=\"0\" style=\"border:0;\" allowfullscreen=\"\" aria-hidden=\"false\" tabindex=\"0\"><\/iframe>[\/et_pb_code][\/et_pb_column][\/et_pb_row][\/et_pb_section]<\/p>\n","protected":false},"excerpt":{"rendered":"<p>Funer\u00e0ria del Migjorn Wer wir sind Funer\u00e0ria del Migjorn ist ein Gesch\u00e4ftsprojekt mit einer langen Geschichte. Mit Wurzeln in Ses Salines im S\u00fcden Mallorcas zeichnen wir uns durch N\u00e4he, Zartheit, Respekt und lokalen Geist aus, der sich jedoch st\u00e4ndig weiterentwickelt, was es uns erm\u00f6glicht hat, in allen Teilen der Insel sicher und erfolgreich zu arbeiten. [&hellip;]<\/p>\n","protected":false},"author":1,"featured_media":0,"parent":0,"menu_order":0,"comment_status":"closed","ping_status":"closed","template":"","meta":{"_et_pb_use_builder":"on","_et_pb_old_content":"","_et_gb_content_width":""},"_links":{"self":[{"href":"https:\/\/funerariadelmigjorn.com\/de\/wp-json\/wp\/v2\/pages\/50128"}],"collection":[{"href":"https:\/\/funerariadelmigjorn.com\/de\/wp-json\/wp\/v2\/pages"}],"about":[{"href":"https:\/\/funerariadelmigjorn.com\/de\/wp-json\/wp\/v2\/types\/page"}],"author":[{"embeddable":true,"href":"https:\/\/funerariadelmigjorn.com\/de\/wp-json\/wp\/v2\/users\/1"}],"replies":[{"embeddable":true,"href":"https:\/\/funerariadelmigjorn.com\/de\/wp-json\/wp\/v2\/comments?post=50128"}],"version-history":[{"count":13,"href":"https:\/\/funerariadelmigjorn.com\/de\/wp-json\/wp\/v2\/pages\/50128\/revisions"}],"predecessor-version":[{"id":50577,"href":"https:\/\/funerariadelmigjorn.com\/de\/wp-json\/wp\/v2\/pages\/50128\/revisions\/50577"}],"wp:attachment":[{"href":"https:\/\/funerariadelmigjorn.com\/de\/wp-json\/wp\/v2\/media?parent=50128"}],"curies":[{"name":"wp","href":"https:\/\/api.w.org\/{rel}","templated":true}]}}