{"id":50108,"date":"2021-03-11T15:37:57","date_gmt":"2021-03-11T14:37:57","guid":{"rendered":"https:\/\/funerariadelmigjorn.com\/zusaetzliche-dienstleistungen-und-friedhof\/"},"modified":"2021-05-17T11:23:24","modified_gmt":"2021-05-17T09:23:24","slug":"zusaetzliche-dienstleistungen-und-friedhof","status":"publish","type":"page","link":"https:\/\/funerariadelmigjorn.com\/de\/zusaetzliche-dienstleistungen-und-friedhof\/","title":{"rendered":"Zus\u00e4tzliche Dienstleistungen und Friedhof"},"content":{"rendered":"<p>[et_pb_section fb_built=&#8220;1&#8243; _builder_version=&#8220;4.6.6&#8243; _module_preset=&#8220;default&#8220; background_image=&#8220;https:\/\/funerariadelmigjorn.com\/wp-content\/uploads\/2020\/11\/lukasz-szmigiel-jFCViYFYcus-unsplash.jpg&#8220; parallax=&#8220;on&#8220; custom_padding=&#8220;95px||95px|||&#8220;][et_pb_row _builder_version=&#8220;4.6.6&#8243; _module_preset=&#8220;default&#8220; background_color=&#8220;#ffffff&#8220; width=&#8220;400px&#8220; custom_padding=&#8220;40px|||||&#8220;][et_pb_column type=&#8220;4_4&#8243; _builder_version=&#8220;4.6.6&#8243; _module_preset=&#8220;default&#8220;][et_pb_text _builder_version=&#8220;4.6.6&#8243; _module_preset=&#8220;default&#8220; header_2_font=&#8220;|700|||||||&#8220; header_2_text_align=&#8220;center&#8220; header_2_text_color=&#8220;#000000&#8243; header_3_text_align=&#8220;center&#8220; custom_padding=&#8220;|10px||10px|false|true&#8220;]<\/p>\n<h2>Funer\u00e0ria del Migjorn<\/h2>\n<h3>Zus\u00e4tzliche Dienstleistungen und Friedhof<\/h3>\n<p>[\/et_pb_text][\/et_pb_column][\/et_pb_row][\/et_pb_section][et_pb_section fb_built=&#8220;1&#8243; _builder_version=&#8220;4.6.6&#8243; _module_preset=&#8220;default&#8220;][et_pb_row column_structure=&#8220;1_2,1_2&#8243; _builder_version=&#8220;4.9.1&#8243; _module_preset=&#8220;default&#8220;][et_pb_column type=&#8220;1_2&#8243; _builder_version=&#8220;4.9.1&#8243; _module_preset=&#8220;default&#8220;][et_pb_accordion _builder_version=&#8220;4.9.1&#8243; _module_preset=&#8220;default&#8220;][et_pb_accordion_item title=&#8220;Erinnerungen&#8220; open=&#8220;on&#8220; _builder_version=&#8220;4.9.1&#8243; _module_preset=&#8220;default&#8220;]In verschiedenen Formaten, f\u00fcr die Anwesenden w\u00e4hrend der Aufbahrung oder Beerdigung[\/et_pb_accordion_item][et_pb_accordion_item title=&#8220;Unterschriftenb\u00fccher&#8220; _builder_version=&#8220;4.9.1&#8243; _module_preset=&#8220;default&#8220; open=&#8220;off&#8220;]Personalisiert, f\u00fcr die Aufbahrung oder Beerdigung[\/et_pb_accordion_item][et_pb_accordion_item title=&#8220;Todesanzeigen&#8220; _builder_version=&#8220;4.9.1&#8243; _module_preset=&#8220;default&#8220; open=&#8220;off&#8220;]Verwaltung der Ver\u00f6ffentlichung von Todesanzeigen in den gew\u00fcnschten schriftlichen Medien[\/et_pb_accordion_item][et_pb_accordion_item title=&#8220;Begleitfahrzeug&#8220; _builder_version=&#8220;4.9.1&#8243; _module_preset=&#8220;default&#8220; open=&#8220;off&#8220;]En caso que alguien no disponga de medios de transporte para desplazarse a las instalaciones donde se encuentre el fallecido[\/et_pb_accordion_item][et_pb_accordion_item title=&#8220;Catering w\u00e4hrend der Aufbahrung&#8220; _builder_version=&#8220;4.9.1&#8243; _module_preset=&#8220;default&#8220; open=&#8220;off&#8220;]Nur bei Totenwache\/Aufbahrung, f\u00fcr die Familie oder alle Anwesenden[\/et_pb_accordion_item][et_pb_accordion_item title=&#8220;Live-Musik&#8220; _builder_version=&#8220;4.9.1&#8243; _module_preset=&#8220;default&#8220; open=&#8220;off&#8220;]Nur bei Totenwache\/Aufbahrung. Wann immer m\u00f6glich, setzen wir aufgenommene Hintergrundmusik ein, die dem jeweiligen Ereignis entspricht. Auf Anfrage bieten wir die M\u00f6glichkeit mit Live-Musik.[\/et_pb_accordion_item][\/et_pb_accordion][\/et_pb_column][et_pb_column type=&#8220;1_2&#8243; _builder_version=&#8220;4.9.1&#8243; _module_preset=&#8220;default&#8220;][et_pb_accordion _builder_version=&#8220;4.9.1&#8243; _module_preset=&#8220;default&#8220;][et_pb_accordion_item title=&#8220;Grabpflege und -reinigung&#8220; open=&#8220;on&#8220; _builder_version=&#8220;4.9.1&#8243; _module_preset=&#8220;default&#8220;]J\u00e4hrliche Wartung und Reinigung des Grabes, sowohl innen als auch au\u00dfen. Sofortige Mitteilung von Problemen oder Verschlechterungen sowie Verbesserungsvorschl\u00e4ge zu deren Behebung.[\/et_pb_accordion_item][et_pb_accordion_item title=&#8220;Erinnerungen aus Stein&#8220; _builder_version=&#8220;4.9.1&#8243; _module_preset=&#8220;default&#8220; open=&#8220;off&#8220;]Graviert auf Santany\u00ed-Stein, Edelstahl oder gew\u00fcnschtem Material.[\/et_pb_accordion_item][et_pb_accordion_item title=&#8220;Fotos auf Porzellan&#8220; _builder_version=&#8220;4.9.1&#8243; _module_preset=&#8220;default&#8220; open=&#8220;off&#8220;]Design und Konfektionierung von Fotos auf Porzellan, original und bearbeitet[\/et_pb_accordion_item][et_pb_accordion_item title=&#8220;Instandhaltung der Gr\u00fcnfl\u00e4chen&#8220; _builder_version=&#8220;4.9.1&#8243; _module_preset=&#8220;default&#8220; open=&#8220;off&#8220;]In dem Falle, dass das Grab Gr\u00fcnzonen beinhaltet oder welche angelegt werden sollen, kann ein Wartungsvertrag abgeschlossen werden. So ist das Grab stets sauber und gepflegt.[\/et_pb_accordion_item][et_pb_accordion_item title=&#8220;Wartung des Urnenbereiches&#8220; _builder_version=&#8220;4.9.1&#8243; _module_preset=&#8220;default&#8220; open=&#8220;off&#8220;]Reinigung des Urnenbereiches innen und au\u00dfen sowie falls vorhanden zus\u00e4tzlichen Elementen (Platten, Fotos, Vasen aus Eisen etc.)[\/et_pb_accordion_item][et_pb_accordion_item title=&#8220;Vasen aus Eisen etc.) Andere Gegenst\u00e4nde f\u00fcr die Krypta&#8220; _builder_version=&#8220;4.9.1&#8243; _module_preset=&#8220;default&#8220; open=&#8220;off&#8220;]Blument\u00f6pfe, Vasen, Gl\u00e4ser usw.[\/et_pb_accordion_item][\/et_pb_accordion][\/et_pb_column][\/et_pb_row][\/et_pb_section][et_pb_section fb_built=&#8220;1&#8243; _builder_version=&#8220;4.8.1&#8243; _module_preset=&#8220;default&#8220; background_enable_color=&#8220;off&#8220; background_enable_image=&#8220;off&#8220; background_size=&#8220;contain&#8220; custom_padding=&#8220;0px|||||&#8220;][et_pb_row _builder_version=&#8220;4.8.1&#8243; _module_preset=&#8220;default&#8220;][et_pb_column type=&#8220;4_4&#8243; _builder_version=&#8220;4.8.1&#8243; _module_preset=&#8220;default&#8220;][et_pb_text _builder_version=&#8220;4.8.1&#8243; _module_preset=&#8220;default&#8220;]<\/p>\n<h2>Weitere Services<\/h2>\n<p><strong>Inhumation, Exhumierung, Reduktion und Ein\u00e4scherung von \u00dcberresten<\/strong><\/p>\n<p>Aktuell verwalten wir den st\u00e4dtischen Friedhof und das Bestattungsinstitut Ses Salines im Rahmen einer praktisch umfassenden Verwaltungskonzession: Instandhaltung und Verbesserung des Friedhofs und den dazugeh\u00f6rigen R\u00e4umlichkeiten, Verwaltung und Koordination aller Ereignisse in Bezug auf Bestattung und Exhumierung usw.<\/p>\n<p>[\/et_pb_text][\/et_pb_column][\/et_pb_row][\/et_pb_section]<\/p>\n","protected":false},"excerpt":{"rendered":"<p>Funer\u00e0ria del Migjorn Zus\u00e4tzliche Dienstleistungen und FriedhofIn verschiedenen Formaten, f\u00fcr die Anwesenden w\u00e4hrend der Aufbahrung oder BeerdigungPersonalisiert, f\u00fcr die Aufbahrung oder BeerdigungVerwaltung der Ver\u00f6ffentlichung von Todesanzeigen in den gew\u00fcnschten schriftlichen MedienEn caso que alguien no disponga de medios de transporte para desplazarse a las instalaciones donde se encuentre el fallecidoNur bei Totenwache\/Aufbahrung, f\u00fcr die Familie [&hellip;]<\/p>\n","protected":false},"author":1,"featured_media":0,"parent":0,"menu_order":0,"comment_status":"closed","ping_status":"closed","template":"","meta":{"_et_pb_use_builder":"on","_et_pb_old_content":"","_et_gb_content_width":""},"_links":{"self":[{"href":"https:\/\/funerariadelmigjorn.com\/de\/wp-json\/wp\/v2\/pages\/50108"}],"collection":[{"href":"https:\/\/funerariadelmigjorn.com\/de\/wp-json\/wp\/v2\/pages"}],"about":[{"href":"https:\/\/funerariadelmigjorn.com\/de\/wp-json\/wp\/v2\/types\/page"}],"author":[{"embeddable":true,"href":"https:\/\/funerariadelmigjorn.com\/de\/wp-json\/wp\/v2\/users\/1"}],"replies":[{"embeddable":true,"href":"https:\/\/funerariadelmigjorn.com\/de\/wp-json\/wp\/v2\/comments?post=50108"}],"version-history":[{"count":14,"href":"https:\/\/funerariadelmigjorn.com\/de\/wp-json\/wp\/v2\/pages\/50108\/revisions"}],"predecessor-version":[{"id":51101,"href":"https:\/\/funerariadelmigjorn.com\/de\/wp-json\/wp\/v2\/pages\/50108\/revisions\/51101"}],"wp:attachment":[{"href":"https:\/\/funerariadelmigjorn.com\/de\/wp-json\/wp\/v2\/media?parent=50108"}],"curies":[{"name":"wp","href":"https:\/\/api.w.org\/{rel}","templated":true}]}}